{"id":24,"date":"2019-04-13T02:10:29","date_gmt":"2019-04-13T02:10:29","guid":{"rendered":"https:\/\/ckorlix.com\/?page_id=24"},"modified":"2019-04-21T16:52:36","modified_gmt":"2019-04-21T21:52:36","slug":"servicios","status":"publish","type":"page","link":"https:\/\/ckorlix.com\/index.php\/servicios\/","title":{"rendered":"SERVICIOS"},"content":{"rendered":"\n<p style=\"text-align:justify\"> Ofrecemos a nuestros clientes servicios en:<\/p>\n<p style=\"text-align:justify;\"><strong>Auditor\u00edas:<\/strong><br>&#8211; Apoyo en Auditor\u00edas internas al Sistema de Gesti\u00f3n de Inocuidad Alimentaria<br>&#8211; Auditor\u00edas de POES<br>&#8211; Auditor\u00edas a Laboratorio de Microbiolog\u00eda&nbsp; <br>-Auditor\u00edas a Proveedores<\/p>\n<p style=\"text-align:justify;\"><strong>Capacitaciones:<\/strong><br>-Contamos con diferentes capacitaciones en temas de Calidad e Inocuidad Alimentaria de acuerdo al personal al que va dirigido desde Directivos hasta Operarios.<br><strong><\/strong><\/p>\n<p style=\"text-align:justify;\"><strong>Validaciones:<\/strong><br>-Validaci\u00f3n de proceso de limpieza<\/p>\n<p style=\"text-align:center;\"><strong>\u00a1D\u00e9janos conocer sus necesidades!<\/strong><\/p>\n","protected":false},"excerpt":{"rendered":"<p>Ofrecemos a nuestros clientes servicios en: Auditor\u00edas:&#8211; Apoyo en Auditor\u00edas internas al Sistema de Gesti\u00f3n de Inocuidad Alimentaria&#8211; Auditor\u00edas de POES&#8211; Auditor\u00edas a Laboratorio de Microbiolog\u00eda&nbsp; -Auditor\u00edas a Proveedores Capacitaciones:-Contamos con diferentes capacitaciones en temas de Calidad e Inocuidad Alimentaria de acuerdo al personal al que va dirigido desde Directivos hasta Operarios. Validaciones:-Validaci\u00f3n de proceso [&hellip;]<\/p>\n","protected":false},"author":1,"featured_media":0,"parent":0,"menu_order":0,"comment_status":"closed","ping_status":"closed","template":"fullwidth.php","meta":{"footnotes":""},"class_list":["post-24","page","type-page","status-publish","hentry"],"yoast_head":"<!-- This site is optimized with the Yoast SEO plugin v26.0 - https:\/\/yoast.com\/wordpress\/plugins\/seo\/ -->\n<title>SERVICIOS &#8211; CK Orlix, S.A. de C.V.<\/title>\n<meta name=\"robots\" content=\"index, follow, max-snippet:-1, max-image-preview:large, max-video-preview:-1\" \/>\n<link rel=\"canonical\" href=\"https:\/\/ckorlix.com\/index.php\/servicios\/\" \/>\n<meta property=\"og:locale\" content=\"es_ES\" \/>\n<meta property=\"og:type\" content=\"article\" \/>\n<meta property=\"og:title\" content=\"SERVICIOS &#8211; CK Orlix, S.A. de C.V.\" \/>\n<meta property=\"og:description\" content=\"Ofrecemos a nuestros clientes servicios en: Auditor\u00edas:&#8211; Apoyo en Auditor\u00edas internas al Sistema de Gesti\u00f3n de Inocuidad Alimentaria&#8211; Auditor\u00edas de POES&#8211; Auditor\u00edas a Laboratorio de Microbiolog\u00eda&nbsp; -Auditor\u00edas a Proveedores Capacitaciones:-Contamos con diferentes capacitaciones en temas de Calidad e Inocuidad Alimentaria de acuerdo al personal al que va dirigido desde Directivos hasta Operarios. Validaciones:-Validaci\u00f3n de proceso [&hellip;]\" \/>\n<meta property=\"og:url\" content=\"https:\/\/ckorlix.com\/index.php\/servicios\/\" \/>\n<meta property=\"og:site_name\" content=\"CK Orlix, S.A. de C.V.\" \/>\n<meta property=\"article:modified_time\" content=\"2019-04-21T21:52:36+00:00\" \/>\n<meta name=\"twitter:card\" content=\"summary_large_image\" \/>\n<script type=\"application\/ld+json\" class=\"yoast-schema-graph\">{\"@context\":\"https:\/\/schema.org\",\"@graph\":[{\"@type\":\"WebPage\",\"@id\":\"https:\/\/ckorlix.com\/index.php\/servicios\/\",\"url\":\"https:\/\/ckorlix.com\/index.php\/servicios\/\",\"name\":\"SERVICIOS &#8211; CK Orlix, S.A. de C.V.\",\"isPartOf\":{\"@id\":\"https:\/\/ckorlix.com\/#website\"},\"datePublished\":\"2019-04-13T02:10:29+00:00\",\"dateModified\":\"2019-04-21T21:52:36+00:00\",\"breadcrumb\":{\"@id\":\"https:\/\/ckorlix.com\/index.php\/servicios\/#breadcrumb\"},\"inLanguage\":\"es\",\"potentialAction\":[{\"@type\":\"ReadAction\",\"target\":[\"https:\/\/ckorlix.com\/index.php\/servicios\/\"]}]},{\"@type\":\"BreadcrumbList\",\"@id\":\"https:\/\/ckorlix.com\/index.php\/servicios\/#breadcrumb\",\"itemListElement\":[{\"@type\":\"ListItem\",\"position\":1,\"name\":\"Portada\",\"item\":\"https:\/\/ckorlix.com\/\"},{\"@type\":\"ListItem\",\"position\":2,\"name\":\"SERVICIOS\"}]},{\"@type\":\"WebSite\",\"@id\":\"https:\/\/ckorlix.com\/#website\",\"url\":\"https:\/\/ckorlix.com\/\",\"name\":\"CK Orlix, S.A. de C.V.\",\"description\":\"\",\"potentialAction\":[{\"@type\":\"SearchAction\",\"target\":{\"@type\":\"EntryPoint\",\"urlTemplate\":\"https:\/\/ckorlix.com\/?s={search_term_string}\"},\"query-input\":{\"@type\":\"PropertyValueSpecification\",\"valueRequired\":true,\"valueName\":\"search_term_string\"}}],\"inLanguage\":\"es\"}]}<\/script>\n<!-- \/ Yoast SEO plugin. -->","yoast_head_json":{"title":"SERVICIOS &#8211; CK Orlix, S.A. de C.V.","robots":{"index":"index","follow":"follow","max-snippet":"max-snippet:-1","max-image-preview":"max-image-preview:large","max-video-preview":"max-video-preview:-1"},"canonical":"https:\/\/ckorlix.com\/index.php\/servicios\/","og_locale":"es_ES","og_type":"article","og_title":"SERVICIOS &#8211; CK Orlix, S.A. de C.V.","og_description":"Ofrecemos a nuestros clientes servicios en: Auditor\u00edas:&#8211; Apoyo en Auditor\u00edas internas al Sistema de Gesti\u00f3n de Inocuidad Alimentaria&#8211; Auditor\u00edas de POES&#8211; Auditor\u00edas a Laboratorio de Microbiolog\u00eda&nbsp; -Auditor\u00edas a Proveedores Capacitaciones:-Contamos con diferentes capacitaciones en temas de Calidad e Inocuidad Alimentaria de acuerdo al personal al que va dirigido desde Directivos hasta Operarios. Validaciones:-Validaci\u00f3n de proceso [&hellip;]","og_url":"https:\/\/ckorlix.com\/index.php\/servicios\/","og_site_name":"CK Orlix, S.A. de C.V.","article_modified_time":"2019-04-21T21:52:36+00:00","twitter_card":"summary_large_image","schema":{"@context":"https:\/\/schema.org","@graph":[{"@type":"WebPage","@id":"https:\/\/ckorlix.com\/index.php\/servicios\/","url":"https:\/\/ckorlix.com\/index.php\/servicios\/","name":"SERVICIOS &#8211; CK Orlix, S.A. de C.V.","isPartOf":{"@id":"https:\/\/ckorlix.com\/#website"},"datePublished":"2019-04-13T02:10:29+00:00","dateModified":"2019-04-21T21:52:36+00:00","breadcrumb":{"@id":"https:\/\/ckorlix.com\/index.php\/servicios\/#breadcrumb"},"inLanguage":"es","potentialAction":[{"@type":"ReadAction","target":["https:\/\/ckorlix.com\/index.php\/servicios\/"]}]},{"@type":"BreadcrumbList","@id":"https:\/\/ckorlix.com\/index.php\/servicios\/#breadcrumb","itemListElement":[{"@type":"ListItem","position":1,"name":"Portada","item":"https:\/\/ckorlix.com\/"},{"@type":"ListItem","position":2,"name":"SERVICIOS"}]},{"@type":"WebSite","@id":"https:\/\/ckorlix.com\/#website","url":"https:\/\/ckorlix.com\/","name":"CK Orlix, S.A. de C.V.","description":"","potentialAction":[{"@type":"SearchAction","target":{"@type":"EntryPoint","urlTemplate":"https:\/\/ckorlix.com\/?s={search_term_string}"},"query-input":{"@type":"PropertyValueSpecification","valueRequired":true,"valueName":"search_term_string"}}],"inLanguage":"es"}]}},"_links":{"self":[{"href":"https:\/\/ckorlix.com\/index.php\/wp-json\/wp\/v2\/pages\/24","targetHints":{"allow":["GET"]}}],"collection":[{"href":"https:\/\/ckorlix.com\/index.php\/wp-json\/wp\/v2\/pages"}],"about":[{"href":"https:\/\/ckorlix.com\/index.php\/wp-json\/wp\/v2\/types\/page"}],"author":[{"embeddable":true,"href":"https:\/\/ckorlix.com\/index.php\/wp-json\/wp\/v2\/users\/1"}],"replies":[{"embeddable":true,"href":"https:\/\/ckorlix.com\/index.php\/wp-json\/wp\/v2\/comments?post=24"}],"version-history":[{"count":12,"href":"https:\/\/ckorlix.com\/index.php\/wp-json\/wp\/v2\/pages\/24\/revisions"}],"predecessor-version":[{"id":318,"href":"https:\/\/ckorlix.com\/index.php\/wp-json\/wp\/v2\/pages\/24\/revisions\/318"}],"wp:attachment":[{"href":"https:\/\/ckorlix.com\/index.php\/wp-json\/wp\/v2\/media?parent=24"}],"curies":[{"name":"wp","href":"https:\/\/api.w.org\/{rel}","templated":true}]}}